{"id":606,"date":"2013-12-07T14:14:39","date_gmt":"2013-12-07T14:14:39","guid":{"rendered":"http:\/\/unifato.net\/estetico\/?page_id=33"},"modified":"2020-10-17T15:03:04","modified_gmt":"2020-10-17T13:03:04","slug":"properties","status":"publish","type":"page","link":"https:\/\/erbegestion.com\/nl\/properties\/","title":{"rendered":"Tasaciones inmobiliarias o valoraci\u00f3n de inmuebles"},"content":{"rendered":"\n<p><strong>Peritaciones Judiciales y extrajudiciales, tanto en el \u00e1mbito civil como en penal.<\/strong><\/p>\n\n\n\n<p>Las&nbsp;<strong>tasaciones inmobiliarias o valoraci\u00f3n de inmuebles<\/strong>&nbsp;son realizadas por expertos colegiados con titulaci\u00f3n, la cual le permite elaborar informes de valoraci\u00f3n real de inmuebles bajo una normativa oficial. <\/p>\n\n\n\n<p>Todas ellas se realizan en base a las directrices de la Orden ECO\/805\/2003, de 27 de marzo, sobre normas de valoraci\u00f3n de bienes inmuebles y de determinados derechos para ciertas finalidades financieras.<\/p>\n\n\n\n<p>Servicio de Tasaciones Inmobiliarias para ser utilizadas en:<\/p>\n\n\n\n<div class=\"wp-block-group\"><div class=\"wp-block-group__inner-container\">\n<ul><li>Tasaciones judiciales que requieren servicio de ratificaci\u00f3n de\u00a0Perito Judicial<\/li><li>Separaci\u00f3n de bienes<\/li><li>Escrituras de compraventa<\/li><li>Herencias<\/li><li>Actos notariales<\/li><li>Avales o garant\u00edas ante la administraci\u00f3n p\u00fablica en procedimientos de apremio<\/li><li>Valoraci\u00f3n de activos<\/li><li>Ampliaciones de capital<\/li><li>Valoraci\u00f3n de obra, reforma y construcci\u00f3n.<\/li><li>Liquidaci\u00f3n de empresas.<\/li><li>Reclamaci\u00f3n en expropiaciones.<\/li><li>Relaciones impuesto de plusval\u00eda.<\/li><li>Procesos de quiebras o embargos (valoraci\u00f3n de inmuebles), etc..<\/li><\/ul>\n\n\n\n<p><\/p>\n<\/div><\/div>\n\n\n\n<p><\/p>\n","protected":false},"excerpt":{"rendered":"<p>Peritaciones Judiciales y extrajudiciales, tanto en el \u00e1mbito civil como en penal. Las&nbsp;tasaciones inmobiliarias o valoraci\u00f3n de inmuebles&nbsp;son realizadas por expertos colegiados con titulaci\u00f3n, la cual le permite elaborar informes de valoraci\u00f3n real de inmuebles bajo una normativa oficial. Todas ellas se realizan en base a las directrices de la Orden ECO\/805\/2003, de 27 de &hellip; <\/p>\n<p class=\"link-more\"><a href=\"https:\/\/erbegestion.com\/nl\/properties\/\" class=\"more-link\"><span class=\"screen-reader-text\">&#8220;Tasaciones inmobiliarias o valoraci\u00f3n de inmuebles&#8221;<\/span> verder lezen<\/a><\/p>\n","protected":false},"author":2,"featured_media":720,"parent":0,"menu_order":0,"comment_status":"closed","ping_status":"open","template":"","meta":[],"_links":{"self":[{"href":"https:\/\/erbegestion.com\/nl\/wp-json\/wp\/v2\/pages\/606"}],"collection":[{"href":"https:\/\/erbegestion.com\/nl\/wp-json\/wp\/v2\/pages"}],"about":[{"href":"https:\/\/erbegestion.com\/nl\/wp-json\/wp\/v2\/types\/page"}],"author":[{"embeddable":true,"href":"https:\/\/erbegestion.com\/nl\/wp-json\/wp\/v2\/users\/2"}],"replies":[{"embeddable":true,"href":"https:\/\/erbegestion.com\/nl\/wp-json\/wp\/v2\/comments?post=606"}],"version-history":[{"count":5,"href":"https:\/\/erbegestion.com\/nl\/wp-json\/wp\/v2\/pages\/606\/revisions"}],"predecessor-version":[{"id":760,"href":"https:\/\/erbegestion.com\/nl\/wp-json\/wp\/v2\/pages\/606\/revisions\/760"}],"wp:featuredmedia":[{"embeddable":true,"href":"https:\/\/erbegestion.com\/nl\/wp-json\/wp\/v2\/media\/720"}],"wp:attachment":[{"href":"https:\/\/erbegestion.com\/nl\/wp-json\/wp\/v2\/media?parent=606"}],"curies":[{"name":"wp","href":"https:\/\/api.w.org\/{rel}","templated":true}]}}