{"id":607,"date":"2013-12-07T23:25:30","date_gmt":"2013-12-07T23:25:30","guid":{"rendered":"http:\/\/unifato.net\/estetico\/?page_id=37"},"modified":"2020-10-17T04:09:39","modified_gmt":"2020-10-17T02:09:39","slug":"gallery","status":"publish","type":"page","link":"https:\/\/erbegestion.com\/fr\/gallery\/","title":{"rendered":"Administraci\u00f3n de fincas"},"content":{"rendered":"<p><img class=\"ngg_displayed_gallery mceItem\" src=\"http:\/\/unifato.net\/estetico\/nextgen-attach_to_post\/preview\/id--344\" alt=\"\" data-cols=\"2\"><strong>Administraci\u00f3n integral de Fincas<\/strong><\/p>\n\n\n<div class=\"wp-block-group\"><div class=\"wp-block-group__inner-container\">\n<ul><li>Custodia de libros, documentaci\u00f3n y facturas de la Comunidad.<\/li><li>Informe mensual organizado por partidas.<\/li><li>Gesti\u00f3n y tramitaci\u00f3n ante Organismos P\u00fablicos (Hacienda, Seguridad Social, INEM, Ayuntamiento, Registro de la Propiedad, etc.) y particulares de cualquier asunto comunitario.<\/li><li>Cobro de recibos mediante sistema inform\u00e1tico.<\/li><li>Visitas mensuales  a las instalaciones e informes de gesti\u00f3n sobre trabajos realizados.<\/li><li>Organizaci\u00f3n de convocatorias y asistencia tanto a la junta general ordinaria como a las extraordinarias.<\/li><li>Supervisi\u00f3n y seguimiento de los acuerdos aprobados en las\u00a0 juntas.<\/li><li>Reuniones con presidente\/a y miembros de la junta seg\u00fan necesidades.<\/li><li>Gestionamos el alta de nuevas Comunidades de propietarios as\u00ed como el traspaso de informaci\u00f3n con el administrador cesado.<\/li><\/ul>\n\n\n\n<p>Presupuesto sin compromiso. <\/p>\n\n\n\n<p><\/p>\n<\/div><\/div>\n\n\n\n<p><\/p>\n","protected":false},"excerpt":{"rendered":"<p>Administraci\u00f3n integral de Fincas<\/p>\n","protected":false},"author":1,"featured_media":724,"parent":0,"menu_order":0,"comment_status":"closed","ping_status":"open","template":"","meta":[],"_links":{"self":[{"href":"https:\/\/erbegestion.com\/fr\/wp-json\/wp\/v2\/pages\/607"}],"collection":[{"href":"https:\/\/erbegestion.com\/fr\/wp-json\/wp\/v2\/pages"}],"about":[{"href":"https:\/\/erbegestion.com\/fr\/wp-json\/wp\/v2\/types\/page"}],"author":[{"embeddable":true,"href":"https:\/\/erbegestion.com\/fr\/wp-json\/wp\/v2\/users\/1"}],"replies":[{"embeddable":true,"href":"https:\/\/erbegestion.com\/fr\/wp-json\/wp\/v2\/comments?post=607"}],"version-history":[{"count":3,"href":"https:\/\/erbegestion.com\/fr\/wp-json\/wp\/v2\/pages\/607\/revisions"}],"predecessor-version":[{"id":728,"href":"https:\/\/erbegestion.com\/fr\/wp-json\/wp\/v2\/pages\/607\/revisions\/728"}],"wp:featuredmedia":[{"embeddable":true,"href":"https:\/\/erbegestion.com\/fr\/wp-json\/wp\/v2\/media\/724"}],"wp:attachment":[{"href":"https:\/\/erbegestion.com\/fr\/wp-json\/wp\/v2\/media?parent=607"}],"curies":[{"name":"wp","href":"https:\/\/api.w.org\/{rel}","templated":true}]}}