{"id":76,"date":"2020-10-17T00:21:02","date_gmt":"2020-10-16T22:21:02","guid":{"rendered":"http:\/\/unifato.net\/estetico\/?page_id=76"},"modified":"2021-08-04T12:58:10","modified_gmt":"2021-08-04T10:58:10","slug":"blog","status":"publish","type":"page","link":"https:\/\/erbegestion.com\/de\/blog\/","title":{"rendered":"Blog\/Noticias"},"content":{"rendered":"\n<p><a href=\"http:\/\/noticias.juridicas.com\/actualidad\/noticias\/15648-aprobado-el-nuevo-impuesto-sobre-transacciones-financieras\/\">Aprobado el nuevo Impuesto sobre transacciones financieras<\/a><\/p>\n\n\n\n<p>\u00a016 DE OCTUBRE DE 2020\u00a0<\/p>\n\n\n\n<p style=\"font-size:14px\">Esta nueva figura impositiva del sistema tributario espa\u00f1ol, tambi\u00e9n conocida como Tasa Tobin, entrar\u00e1 en vigor el 16 de enero de 2021, gravando la adquisici\u00f3n onerosa de acciones de sociedades espa\u00f1olas con independencia de la residencia de las personas o entidades que intervengan en la operaci\u00f3n, y se crea ante la imposibilidad de alcanzar un acuerdo en el seno de la Uni\u00f3n Europea que d\u00e9 lugar a la aprobaci\u00f3n de la Directiva.<\/p>\n\n\n\n<p><\/p>\n\n\n\n<p><\/p>\n\n\n\n<p><a href=\"http:\/\/noticias.juridicas.com\/actualidad\/noticias\/15644-la-comunidad-de-madrid-sustituye-licencias-urbanisticas-por-declaraciones-responsables-para-impulsar-la-actividad-en-la-region\/\">La Comunidad de Madrid sustituye licencias urban\u00edsticas por declaraciones responsables para impulsar la actividad en la regi\u00f3n<\/a><\/p>\n\n\n\n<p>16 DE OCTUBRE DE 2020\u00a0<\/p>\n\n\n\n<p>La Ley 1\/2020, de 8 de octubre, modifica la Ley regional del Suelo con la finalidad de impulsar y reactivar la actividad urban\u00edstica. Para ello revisa los procedimientos de intervenci\u00f3n administrativa en los actos de construcci\u00f3n, edificaci\u00f3n y uso del suelo, priorizando el mecanismo de la declaraci\u00f3n responsable con el fin de reducir los dilatados plazos de espera para la realizaci\u00f3n de actuaciones urban\u00edsticas, que actualmente elevan su coste y ahuyentan la inversi\u00f3n.<\/p>\n","protected":false},"excerpt":{"rendered":"<p>Aprobado el nuevo Impuesto sobre transacciones financieras \u00a016 DE OCTUBRE DE 2020\u00a0 Esta nueva figura impositiva del sistema tributario espa\u00f1ol, tambi\u00e9n conocida como Tasa Tobin, entrar\u00e1 en vigor el 16 de enero de 2021, gravando la adquisici\u00f3n onerosa de acciones de sociedades espa\u00f1olas con independencia de la residencia de las personas o entidades que intervengan &hellip; <\/p>\n<p class=\"link-more\"><a href=\"https:\/\/erbegestion.com\/de\/blog\/\" class=\"more-link\"><span class=\"screen-reader-text\">\u201eBlog\/Noticias\u201c<\/span> weiterlesen<\/a><\/p>\n","protected":false},"author":2,"featured_media":0,"parent":0,"menu_order":0,"comment_status":"closed","ping_status":"open","template":"","meta":[],"_links":{"self":[{"href":"https:\/\/erbegestion.com\/de\/wp-json\/wp\/v2\/pages\/76"}],"collection":[{"href":"https:\/\/erbegestion.com\/de\/wp-json\/wp\/v2\/pages"}],"about":[{"href":"https:\/\/erbegestion.com\/de\/wp-json\/wp\/v2\/types\/page"}],"author":[{"embeddable":true,"href":"https:\/\/erbegestion.com\/de\/wp-json\/wp\/v2\/users\/2"}],"replies":[{"embeddable":true,"href":"https:\/\/erbegestion.com\/de\/wp-json\/wp\/v2\/comments?post=76"}],"version-history":[{"count":7,"href":"https:\/\/erbegestion.com\/de\/wp-json\/wp\/v2\/pages\/76\/revisions"}],"predecessor-version":[{"id":765,"href":"https:\/\/erbegestion.com\/de\/wp-json\/wp\/v2\/pages\/76\/revisions\/765"}],"wp:attachment":[{"href":"https:\/\/erbegestion.com\/de\/wp-json\/wp\/v2\/media?parent=76"}],"curies":[{"name":"wp","href":"https:\/\/api.w.org\/{rel}","templated":true}]}}