{"id":301,"date":"2013-12-17T22:26:33","date_gmt":"2013-12-17T22:26:33","guid":{"rendered":"http:\/\/unifato.net\/estetico\/?page_id=301"},"modified":"2020-10-17T05:38:41","modified_gmt":"2020-10-17T03:38:41","slug":"our-agency","status":"publish","type":"page","link":"https:\/\/erbegestion.com\/de\/our-agency\/","title":{"rendered":"Gesti\u00f3n de la Propiedad Inmobiliaria"},"content":{"rendered":"\n<p><\/p>\n\n\n<p>Prestaci\u00f3n de los siguientes servicios:<\/p>\n<ul>\n<li>Servicios de mediaci\u00f3n, asesoramiento y gesti\u00f3n en materia inmobiliaria. Esto incluye la compraventa, el alquiler o la cesi\u00f3n de bienes inmuebles.<\/li>\n<li>Negociar con clientes y propiedades los contratos de venta, alquiler o compra.<\/li>\n<li>Proporcionar la informaci\u00f3n necesaria a los interesados sobre hipotecas y contactos con los bancos.<\/li>\n<li>Acompa\u00f1ar a los clientes a la firmas en caso de venta.<\/li>\n<li>Asistencia a Juntas de Propietarios<\/li>\n<li>Gestiones ante Catastro, Consejer\u00edas&nbsp; y Ayuntamientos.<\/li>\n<li>Renovaciones de contratos de alquiler, as\u00ed como atenci\u00f3n de las posibles incidencias en las propiedades y hacer de intermediarios entre los propietarios y los inquilinos.<\/li>\n<li>Contrataci\u00f3n de seguros y otros servicios para propietarios e inquilinos.<\/li>\n<li>Cambios de titularidad en los suministros de luz, agua, etc.<\/li>\n<li>Asistencia y asesoramiento jur\u00eddico en caso necesario para clientes.<\/li>\n<\/ul>\n\n\n<p><\/p>\n","protected":false},"excerpt":{"rendered":"<p>Prestaci\u00f3n de los siguientes servicios: Servicios de mediaci\u00f3n, asesoramiento y gesti\u00f3n en materia inmobiliaria. Esto incluye la compraventa, el alquiler o la cesi\u00f3n de bienes inmuebles. Negociar con clientes y propiedades los contratos de venta, alquiler o compra. Proporcionar la informaci\u00f3n necesaria a los interesados sobre hipotecas y contactos con los bancos. Acompa\u00f1ar a los &hellip; <\/p>\n<p class=\"link-more\"><a href=\"https:\/\/erbegestion.com\/de\/our-agency\/\" class=\"more-link\"><span class=\"screen-reader-text\">\u201eGesti\u00f3n de la Propiedad Inmobiliaria\u201c<\/span> weiterlesen<\/a><\/p>\n","protected":false},"author":1,"featured_media":715,"parent":0,"menu_order":0,"comment_status":"closed","ping_status":"open","template":"","meta":[],"_links":{"self":[{"href":"https:\/\/erbegestion.com\/de\/wp-json\/wp\/v2\/pages\/301"}],"collection":[{"href":"https:\/\/erbegestion.com\/de\/wp-json\/wp\/v2\/pages"}],"about":[{"href":"https:\/\/erbegestion.com\/de\/wp-json\/wp\/v2\/types\/page"}],"author":[{"embeddable":true,"href":"https:\/\/erbegestion.com\/de\/wp-json\/wp\/v2\/users\/1"}],"replies":[{"embeddable":true,"href":"https:\/\/erbegestion.com\/de\/wp-json\/wp\/v2\/comments?post=301"}],"version-history":[{"count":6,"href":"https:\/\/erbegestion.com\/de\/wp-json\/wp\/v2\/pages\/301\/revisions"}],"predecessor-version":[{"id":736,"href":"https:\/\/erbegestion.com\/de\/wp-json\/wp\/v2\/pages\/301\/revisions\/736"}],"wp:featuredmedia":[{"embeddable":true,"href":"https:\/\/erbegestion.com\/de\/wp-json\/wp\/v2\/media\/715"}],"wp:attachment":[{"href":"https:\/\/erbegestion.com\/de\/wp-json\/wp\/v2\/media?parent=301"}],"curies":[{"name":"wp","href":"https:\/\/api.w.org\/{rel}","templated":true}]}}