{"id":712,"date":"2020-10-17T01:33:28","date_gmt":"2020-10-16T23:33:28","guid":{"rendered":"https:\/\/erbegestion.com\/?page_id=712"},"modified":"2020-10-17T14:59:01","modified_gmt":"2020-10-17T12:59:01","slug":"quienes-somos","status":"publish","type":"page","link":"https:\/\/erbegestion.com\/ca\/","title":{"rendered":"Quienes somos"},"content":{"rendered":"\n<p>ErbeGesti\u00f3n es un equipo multidisciplinar de profesionales vinculados al sector servicios, inmobiliario y patrimonial, con mas de diez a\u00f1os en el mercado, los cuales nos avalan, gracias a la dedicaci\u00f3n absoluta a nuestros clientes, esto nos hace merecedores de su confianza en el asesoramiento de todo tipo de gestiones patrimoniales, aportando siempre resultados visibles. <\/p>\n\n\n\n<p>Trabajando junto con nuestros clientes y sus colaboradores, manteni\u00e9ndonos cerca para conocer mejor sus necesidades, siempre con una visi\u00f3n objetiva, aportando, competitividad, optimatizaci\u00f3n y rentabilidad, gracias al conocimiento, experiencia, respuestas  enfocadas, personalizadas y aportando soluciones ante  cualquier circunstancia. <\/p>\n\n\n\n<figure class=\"wp-block-image size-large is-resized is-style-default\"><img loading=\"lazy\" src=\"https:\/\/erbegestion.com\/wp-content\/uploads\/2020\/10\/MANOS.jpg\" alt=\"\" class=\"wp-image-746\" width=\"354\" height=\"390\"\/><\/figure>\n\n\n\n<p><\/p>\n","protected":false},"excerpt":{"rendered":"<p>ErbeGesti\u00f3n es un equipo multidisciplinar de profesionales vinculados al sector servicios, inmobiliario y patrimonial, con mas de diez a\u00f1os en el mercado, los cuales nos avalan, gracias a la dedicaci\u00f3n absoluta a nuestros clientes, esto nos hace merecedores de su confianza en el asesoramiento de todo tipo de gestiones patrimoniales, aportando siempre resultados visibles. Trabajando &hellip; <\/p>\n<p class=\"link-more\"><a href=\"https:\/\/erbegestion.com\/ca\/\" class=\"more-link\">Continua llegint <span class=\"screen-reader-text\">\u00abQuienes somos\u00bb<\/span><\/a><\/p>\n","protected":false},"author":2,"featured_media":0,"parent":0,"menu_order":0,"comment_status":"closed","ping_status":"closed","template":"","meta":[],"_links":{"self":[{"href":"https:\/\/erbegestion.com\/ca\/wp-json\/wp\/v2\/pages\/712"}],"collection":[{"href":"https:\/\/erbegestion.com\/ca\/wp-json\/wp\/v2\/pages"}],"about":[{"href":"https:\/\/erbegestion.com\/ca\/wp-json\/wp\/v2\/types\/page"}],"author":[{"embeddable":true,"href":"https:\/\/erbegestion.com\/ca\/wp-json\/wp\/v2\/users\/2"}],"replies":[{"embeddable":true,"href":"https:\/\/erbegestion.com\/ca\/wp-json\/wp\/v2\/comments?post=712"}],"version-history":[{"count":3,"href":"https:\/\/erbegestion.com\/ca\/wp-json\/wp\/v2\/pages\/712\/revisions"}],"predecessor-version":[{"id":748,"href":"https:\/\/erbegestion.com\/ca\/wp-json\/wp\/v2\/pages\/712\/revisions\/748"}],"wp:attachment":[{"href":"https:\/\/erbegestion.com\/ca\/wp-json\/wp\/v2\/media?parent=712"}],"curies":[{"name":"wp","href":"https:\/\/api.w.org\/{rel}","templated":true}]}}